{"id":23,"date":"2019-12-02T12:23:30","date_gmt":"2019-12-02T12:23:30","guid":{"rendered":"https:\/\/bibianaballbe.com\/?page_id=23"},"modified":"2020-10-28T08:19:47","modified_gmt":"2020-10-28T07:19:47","slug":"perfil","status":"publish","type":"page","link":"https:\/\/bibianaballbe.com\/ca\/perfil\/","title":{"rendered":"Perfil"},"content":{"rendered":"<div data-elementor-type=\"wp-page\" data-elementor-id=\"23\" class=\"elementor elementor-23\" data-elementor-settings=\"[]\">\n\t\t\t\t\t\t\t<div class=\"elementor-section-wrap\">\n\t\t\t\t\t\t\t<section class=\"elementor-section elementor-top-section elementor-element elementor-element-2926dfb elementor-section-boxed elementor-section-height-default elementor-section-height-default\" data-id=\"2926dfb\" data-element_type=\"section\">\n\t\t\t\t\t\t<div class=\"elementor-container elementor-column-gap-default\">\n\t\t\t\t\t<div class=\"elementor-column elementor-col-100 elementor-top-column elementor-element elementor-element-be801c0\" data-id=\"be801c0\" data-element_type=\"column\">\n\t\t\t<div class=\"elementor-widget-wrap elementor-element-populated\">\n\t\t\t\t\t\t\t\t<div class=\"elementor-element elementor-element-bc25545 page-title-slashes elementor-widget elementor-widget-heading\" data-id=\"bc25545\" data-element_type=\"widget\" data-widget_type=\"heading.default\">\n\t\t\t\t<div class=\"elementor-widget-container\">\n\t\t\t<h1 class=\"elementor-heading-title elementor-size-default\">Bibiana\n<br>\nBallb\u00e8<\/h1>\t\t<\/div>\n\t\t\t\t<\/div>\n\t\t\t\t<div class=\"elementor-element elementor-element-1c70dee elementor-widget elementor-widget-text-editor\" data-id=\"1c70dee\" data-element_type=\"widget\" data-widget_type=\"text-editor.default\">\n\t\t\t\t<div class=\"elementor-widget-container\">\n\t\t\t\t\t<div class=\"elementor-text-editor elementor-clearfix\"><p>\/\/S\u00d3C: <em>BOLA DE FOC D'IDEES\/ CONNECTORA DE PUNTS\/ EMPRENEDORA INCANSABLE\/ PENSADORA CR\u00cdTICA\/ ADAPTADA AL RISC\/ APASSIONADA DE LA MARCA\/ AMANT DEL DISSENY\/ COMUNICADORA CREATIVA\/ JUGADORA EN EQUIP\/ APRENENT PER A TOTA LA VIDA\/ ADDICTA ALS VIATGES\/ CURIOSA APASSIONADA\/ ORIENTADA ALS OBJECTIUS\/ AMB AFANY DE SUPERACI\u00d3\/ CENTRADA EN ELS NEGOCIS\/ AGITADORA\/ CERCADORA DE TEND\u00c8NCIES\/ AFICIONADA A LA CULTURA.<\/em><\/p><\/div>\n\t\t\t\t<\/div>\n\t\t\t\t<\/div>\n\t\t\t\t\t<\/div>\n\t\t<\/div>\n\t\t\t\t\t\t\t<\/div>\n\t\t<\/section>\n\t\t\t\t<section class=\"elementor-section elementor-top-section elementor-element elementor-element-d7a9d1f elementor-section-boxed elementor-section-height-default elementor-section-height-default\" data-id=\"d7a9d1f\" data-element_type=\"section\">\n\t\t\t\t\t\t<div class=\"elementor-container elementor-column-gap-default\">\n\t\t\t\t\t<div class=\"elementor-column elementor-col-50 elementor-top-column elementor-element elementor-element-e12d56e\" data-id=\"e12d56e\" data-element_type=\"column\">\n\t\t\t<div class=\"elementor-widget-wrap elementor-element-populated\">\n\t\t\t\t\t\t\t\t<div class=\"elementor-element elementor-element-727fa48 elementor-widget elementor-widget-text-editor\" data-id=\"727fa48\" data-element_type=\"widget\" data-widget_type=\"text-editor.default\">\n\t\t\t\t<div class=\"elementor-widget-container\">\n\t\t\t\t\t<div class=\"elementor-text-editor elementor-clearfix\"><p>Bibiana Ballb\u00e8 i Serra \u00e9s una periodista, conferenciant, directora creativa, fundadora i CEO de <strong>TheCreative<\/strong> i <strong>TheCreativeNet<\/strong> - especialitzada en cultura i creativitat i impulsora i dinamitzadora del sector.<\/p><p>Es va graduar en un m\u00e0ster en administraci\u00f3 d'empreses (MBA) en Ci\u00e8ncies de la Comunicaci\u00f3 per la Universitat Europea de Barcelona i ha viscut i treballat a Boston, Nova York, San Francisco, Berl\u00edn, K\u00f6ln i Bonn com a productora, directora i presentadora de diversos programes de televisi\u00f3. Tamb\u00e9, comiss\u00e0ria i directora del projecte #ffbcn: f\u00e0brica futur Barcelona.<\/p><\/div>\n\t\t\t\t<\/div>\n\t\t\t\t<\/div>\n\t\t\t\t\t<\/div>\n\t\t<\/div>\n\t\t\t\t<div class=\"elementor-column elementor-col-50 elementor-top-column elementor-element elementor-element-79922bd elementor-hidden-phone\" data-id=\"79922bd\" data-element_type=\"column\">\n\t\t\t<div class=\"elementor-widget-wrap elementor-element-populated\">\n\t\t\t\t\t\t\t\t<div class=\"elementor-element elementor-element-00c04a1 elementor-widget-image-swap--align-center elementor-widget elementor-widget-image-swap\" data-id=\"00c04a1\" data-element_type=\"widget\" data-widget_type=\"image-swap.default\">\n\t\t\t\t<div class=\"elementor-widget-container\">\n\t\t\t\r\n        <div class=\"bb-image-swap\">\r\n            <div class=\"bb-image-swap__main-image\">\r\n                <img width=\"381\" height=\"471\" src=\"https:\/\/bibianaballbe.com\/wp-content\/uploads\/2020\/10\/bb-hover-perfil.png\" class=\"attachment-large size-large\" alt=\"\" loading=\"lazy\" srcset=\"https:\/\/bibianaballbe.com\/wp-content\/uploads\/2020\/10\/bb-hover-perfil.png 381w, https:\/\/bibianaballbe.com\/wp-content\/uploads\/2020\/10\/bb-hover-perfil-243x300.png 243w\" sizes=\"(max-width: 381px) 100vw, 381px\" \/>            <\/div>\r\n\r\n            <div class=\"bb-image-swap__hover-image\">\r\n                <img src=\"https:\/\/bibianaballbe.com\/wp-content\/uploads\/2020\/10\/bb-hover-perfil-2.png\" title=\"\" alt=\"\" \/>            <\/div>\r\n        <\/div>\r\n\r\n        \t\t<\/div>\n\t\t\t\t<\/div>\n\t\t\t\t<div class=\"elementor-element elementor-element-13ecc8e btn-book-now elementor-mobile-align-center elementor-align-center elementor-widget__width-auto elementor-absolute elementor-widget elementor-widget-button\" data-id=\"13ecc8e\" data-element_type=\"widget\" data-settings=\"{&quot;_position&quot;:&quot;absolute&quot;}\" data-widget_type=\"button.default\">\n\t\t\t\t<div class=\"elementor-widget-container\">\n\t\t\t\t\t<div class=\"elementor-button-wrapper\">\n\t\t\t<a href=\"https:\/\/bibianaballbe.com\/ca\/book-me\/\" class=\"elementor-button-link elementor-button elementor-size-sm\" role=\"button\">\n\t\t\t\t\t\t<span class=\"elementor-button-content-wrapper\">\n\t\t\t\t\t\t<span class=\"elementor-button-text\"><span>Reserva<\/span><span>Ara<\/span><\/span>\n\t\t<\/span>\n\t\t\t\t\t<\/a>\n\t\t<\/div>\n\t\t\t\t<\/div>\n\t\t\t\t<\/div>\n\t\t\t\t\t<\/div>\n\t\t<\/div>\n\t\t\t\t\t\t\t<\/div>\n\t\t<\/section>\n\t\t\t\t<section class=\"elementor-section elementor-top-section elementor-element elementor-element-7421d90 elementor-section-boxed elementor-section-height-default elementor-section-height-default\" data-id=\"7421d90\" data-element_type=\"section\">\n\t\t\t\t\t\t<div class=\"elementor-container elementor-column-gap-default\">\n\t\t\t\t\t<div class=\"elementor-column elementor-col-50 elementor-top-column elementor-element elementor-element-a31b0cc\" data-id=\"a31b0cc\" data-element_type=\"column\">\n\t\t\t<div class=\"elementor-widget-wrap elementor-element-populated\">\n\t\t\t\t\t\t\t\t<section class=\"elementor-section elementor-inner-section elementor-element elementor-element-6df5ac2 elementor-section-boxed elementor-section-height-default elementor-section-height-default\" data-id=\"6df5ac2\" data-element_type=\"section\">\n\t\t\t\t\t\t<div class=\"elementor-container elementor-column-gap-no\">\n\t\t\t\t\t<div class=\"elementor-column elementor-col-100 elementor-inner-column elementor-element elementor-element-9aa70dd\" data-id=\"9aa70dd\" data-element_type=\"column\">\n\t\t\t<div class=\"elementor-widget-wrap elementor-element-populated\">\n\t\t\t\t\t\t\t\t<div class=\"elementor-element elementor-element-47c184c elementor-widget elementor-widget-heading\" data-id=\"47c184c\" data-element_type=\"widget\" data-widget_type=\"heading.default\">\n\t\t\t\t<div class=\"elementor-widget-container\">\n\t\t\t<h5 class=\"elementor-heading-title elementor-size-default\">els meus\n<br>\ntreballs:<\/h5>\t\t<\/div>\n\t\t\t\t<\/div>\n\t\t\t\t<div class=\"elementor-element elementor-element-a83e5d3 elementor-widget elementor-widget-text-editor\" data-id=\"a83e5d3\" data-element_type=\"widget\" data-widget_type=\"text-editor.default\">\n\t\t\t\t<div class=\"elementor-widget-container\">\n\t\t\t\t\t<div class=\"elementor-text-editor elementor-clearfix\"><p><span style=\"color: #000000;\"><b>#Directora i Presentadora de La Comunitat a TV3; 2020-2021<\/b><\/span><\/p><p><span style=\"color: #000000;\"><b>#Fundadora de l'ag\u00e8ncia creativa i productora audiovisual TheCreative; 2016 - Actualitat<\/b><\/span><\/p><p><span style=\"color: #000000;\"><b>#Fundadora de la red de creativos TheCreativeNet; 2016 &#8211; Actualidad<\/b><\/span><\/p><p><strong style=\"font-size: 1rem;\">#MedisDeComunicaci\u00f3 #Col\u00b7laboracions<\/strong><\/p><p>3CAT, TV3, Catalunya R\u00e0dio, Rac1, La Vanguardia, Diari Ara, Time Out, The New York Times<\/p><p><strong>#Comiss\u00e0ria i Directora de #ffbcn f\u00e0brica futur barcelona; 2014 - Actualitat<br \/><\/strong>Moviment creatiu que defineix el futur des de Barcelona. Cultura, Tecnologia i Creativitat.<\/p><p><strong>#Directora i Presentadora de Car\u00e0cter; 2014<br \/><\/strong>Programa setmanal de cultura i creativitat per TV3<\/p><p><strong>#Diari ARA; 2010 - Actualitat<br \/><\/strong>Seccions d'entrevistes<\/p><p><strong>#Diari La Vanguardia; 2010 - Actualitat<br \/><\/strong>Secci\u00f3 #Futurs, una s\u00e8rie d'entrevistes per la contra digital de La Vanguardia<\/p><p><strong>#Editora i Presentadora de Bestiari Il\u00b7lustrar; 2010-2012<br \/><\/strong>Programa de cultura setmanal per TV3<\/p><p><strong>#Presentadora d'\u00c0nima; 2008-2011<br \/><\/strong>Magaz\u00edn d'actualitat cultural<\/p><p><strong>#Editora i Presentadora de Silenci?; 2003-2008<br \/><\/strong>Programa setmanal per TV3 sobre el panorama art\u00edstic internacional<\/p><p><strong>#Editora i Presentadora de Noche Sin Tregua; 2007-2009<br \/><\/strong>Late Night Show per Paramount Comedy<\/p><p><strong>#Editora i Presentadora d'INSIDE; 2001-2004<br \/><\/strong>Viatges, tend\u00e8ncies i cultura al voltant del m\u00f3n<\/p><\/div>\n\t\t\t\t<\/div>\n\t\t\t\t<\/div>\n\t\t\t\t\t<\/div>\n\t\t<\/div>\n\t\t\t\t\t\t\t<\/div>\n\t\t<\/section>\n\t\t\t\t\t<\/div>\n\t\t<\/div>\n\t\t\t\t<div class=\"elementor-column elementor-col-50 elementor-top-column elementor-element elementor-element-51e15a9\" data-id=\"51e15a9\" data-element_type=\"column\">\n\t\t\t<div class=\"elementor-widget-wrap elementor-element-populated\">\n\t\t\t\t\t\t\t\t<section class=\"elementor-section elementor-inner-section elementor-element elementor-element-8dc34e1 elementor-section-boxed elementor-section-height-default elementor-section-height-default\" data-id=\"8dc34e1\" data-element_type=\"section\">\n\t\t\t\t\t\t<div class=\"elementor-container elementor-column-gap-no\">\n\t\t\t\t\t<div class=\"elementor-column elementor-col-100 elementor-inner-column elementor-element elementor-element-395fee4\" data-id=\"395fee4\" data-element_type=\"column\">\n\t\t\t<div class=\"elementor-widget-wrap elementor-element-populated\">\n\t\t\t\t\t\t\t\t<div class=\"elementor-element elementor-element-1c845a1 elementor-widget elementor-widget-heading\" data-id=\"1c845a1\" data-element_type=\"widget\" data-widget_type=\"heading.default\">\n\t\t\t\t<div class=\"elementor-widget-container\">\n\t\t\t<h5 class=\"elementor-heading-title elementor-size-default\">els meus\n<br>\nestudis:<\/h5>\t\t<\/div>\n\t\t\t\t<\/div>\n\t\t\t\t<div class=\"elementor-element elementor-element-8ab9ed3 elementor-widget elementor-widget-text-editor\" data-id=\"8ab9ed3\" data-element_type=\"widget\" data-widget_type=\"text-editor.default\">\n\t\t\t\t<div class=\"elementor-widget-container\">\n\t\t\t\t\t<div class=\"elementor-text-editor elementor-clearfix\"><p><strong>#M\u00e0ster en Broadcasting Journalism\/ Edici\u00f3 i Producci\u00f3<br \/><\/strong>(Universitat de M\u00fcnsten, Alemanya)<\/p><p><strong>#Tesi doctoral en l'oficina de premsa del Ministeri Alemany de Tecnologia<br \/><\/strong>(Bonn, Alemanya)<\/p><p><strong>#MBA en Businnes &amp; Communication a la Universitat Europea<br \/><\/strong>(Barcelona)<\/p><\/div>\n\t\t\t\t<\/div>\n\t\t\t\t<\/div>\n\t\t\t\t\t<\/div>\n\t\t<\/div>\n\t\t\t\t\t\t\t<\/div>\n\t\t<\/section>\n\t\t\t\t\t<\/div>\n\t\t<\/div>\n\t\t\t\t\t\t\t<\/div>\n\t\t<\/section>\n\t\t\t\t\t\t<\/div>\n\t\t\t\t\t<\/div>","protected":false},"excerpt":{"rendered":"<p>Bibiana Ballb\u00e8 \/\/I AM: IDEA FIREBALL\/DOT CONNECTOR\/TIRELESS GO-GETTER\/CRITICAL THINKER\/RISK TAKER\/BRANDING PASSIONATE\/DESIGN LOVER\/CREATIVE COMMUNICATOR\/TEAM PLAYER\/LIFELONG LEARNER\/TRAVEL JUNKIE\/PASSIONATELY CURIOUS\/GOAL-ORIENTED\/EAGER BEAVER\/BUSINESS-FOCUSED\/MOVER-SHAKER\/TREND SEEKER\/CULTURE FAN\/ Bibiana Ballb\u00e8 i Serra es una periodista, conferenciante, directora creativa, fundadora y CEO de TheCreativeAgency y TheCreativeNet -especializada en cultura y creatividad e impulsora y dinamizadora del sector. Se gradu\u00f3 en un m\u00e1ster en administraci\u00f3n [&hellip;]<\/p>","protected":false},"author":1,"featured_media":0,"parent":0,"menu_order":0,"comment_status":"closed","ping_status":"closed","template":"","meta":[],"_links":{"self":[{"href":"https:\/\/bibianaballbe.com\/ca\/wp-json\/wp\/v2\/pages\/23"}],"collection":[{"href":"https:\/\/bibianaballbe.com\/ca\/wp-json\/wp\/v2\/pages"}],"about":[{"href":"https:\/\/bibianaballbe.com\/ca\/wp-json\/wp\/v2\/types\/page"}],"author":[{"embeddable":true,"href":"https:\/\/bibianaballbe.com\/ca\/wp-json\/wp\/v2\/users\/1"}],"replies":[{"embeddable":true,"href":"https:\/\/bibianaballbe.com\/ca\/wp-json\/wp\/v2\/comments?post=23"}],"version-history":[{"count":44,"href":"https:\/\/bibianaballbe.com\/ca\/wp-json\/wp\/v2\/pages\/23\/revisions"}],"predecessor-version":[{"id":1111,"href":"https:\/\/bibianaballbe.com\/ca\/wp-json\/wp\/v2\/pages\/23\/revisions\/1111"}],"wp:attachment":[{"href":"https:\/\/bibianaballbe.com\/ca\/wp-json\/wp\/v2\/media?parent=23"}],"curies":[{"name":"wp","href":"https:\/\/api.w.org\/{rel}","templated":true}]}}